{"id":14,"date":"2020-08-30T19:18:42","date_gmt":"2020-08-30T19:18:42","guid":{"rendered":"http:\/\/www.infohouse.polimi.it\/?page_id=14"},"modified":"2021-03-16T19:36:28","modified_gmt":"2021-03-16T18:36:28","slug":"pagina-in-costruzione","status":"publish","type":"page","link":"https:\/\/www.infohouse.polimi.it\/","title":{"rendered":"HOME"},"content":{"rendered":"<p>[vc_row css_animation=&#8221;&#8221; row_type=&#8221;row&#8221; use_row_as_full_screen_section=&#8221;no&#8221; type=&#8221;full_width&#8221; angled_section=&#8221;no&#8221; text_align=&#8221;left&#8221; background_image_as_pattern=&#8221;without_pattern&#8221;][vc_column][vc_separator type=&#8221;normal&#8221; color=&#8221;#ffffff&#8221; thickness=&#8221;30&#8243;][\/vc_column][\/vc_row][vc_row css_animation=&#8221;&#8221; row_type=&#8221;row&#8221; use_row_as_full_screen_section=&#8221;no&#8221; type=&#8221;grid&#8221; header_style=&#8221;dark&#8221; angled_section=&#8221;no&#8221; text_align=&#8221;left&#8221; background_image_as_pattern=&#8221;without_pattern&#8221; z_index=&#8221;&#8221;][vc_column width=&#8221;1\/4&#8243;][vc_single_image image=&#8221;104&#8243; img_size=&#8221;medium&#8221; alignment=&#8221;center&#8221; qode_css_animation=&#8221;&#8221;][\/vc_column][vc_column width=&#8221;1\/2&#8243;][vc_column_text css=&#8221;.vc_custom_1599210657689{background-color: #ffffff !important;}&#8221;]<\/p>\n<p style=\"text-align: left;\"><strong>L&#8217;ABITARE INFORMALE NEI PATRIMONI RESIDENZIALI PRIVATI LOMBARDI<\/strong><\/p>\n<p>&nbsp;<\/p>\n<p class=\"p1\" style=\"text-align: left;\">L\u2019<strong>abitare informale<\/strong> \u00e8 un fenomeno frequente non solo nei contesti di marginalit\u00e0 e povert\u00e0 dei paesi ad economia emergente, ma anche all\u2019interno dei <strong>contesti europei<\/strong>.<\/p>\n<p class=\"p1\" style=\"text-align: left;\">Molte e rilevanti trasformazioni sociali ed economiche, insieme alla ridefinizione dei sistemi di welfare locale, hanno favorito l\u2019affermazione e la diffusione di un fenomeno che \u00e8 espressione di <strong>nuove fragilit\u00e0 sociali<\/strong> che non trovano risposte adeguate all\u2019interno dell\u2019offerta pubblica e, talvolta, nemmeno in quella privata \u201cregolare\u201d. Il risultato \u00e8 in molti casi la ricerca di una diversa condizione, abitativa, al di fuori o ai margini del mercato formale e delle forme classiche dell\u2019abitare.<\/p>\n<p class=\"p1\" style=\"text-align: left;\">Nei paesi occidentali ad economia avanzata si tratta di un fenomeno che investe molte parti della citt\u00e0 ordinaria costituite perlopi\u00f9 da <strong>patrimoni abitativi di natura privata<\/strong>, pi\u00f9 sfuggenti rispetto ai dispositivi di controllo pubblico e pi\u00f9 facilmente soggetti a uno \u201cscivolamento\u201d nei meccanismi dell\u2019informalit\u00e0.<\/p>\n<p class=\"p1\" style=\"text-align: left;\">Di queste situazioni intende occuparsi la ricerca InfoHousE.<\/p>\n<p>[\/vc_column_text][\/vc_column][vc_column width=&#8221;1\/4&#8243;][\/vc_column][\/vc_row][vc_row css_animation=&#8221;&#8221; row_type=&#8221;row&#8221; use_row_as_full_screen_section=&#8221;no&#8221; type=&#8221;full_width&#8221; angled_section=&#8221;no&#8221; text_align=&#8221;left&#8221; background_image_as_pattern=&#8221;without_pattern&#8221;][vc_column][vc_separator type=&#8221;normal&#8221; color=&#8221;#ffffff&#8221; thickness=&#8221;100&#8243;][\/vc_column][\/vc_row][vc_row css_animation=&#8221;&#8221; row_type=&#8221;row&#8221; use_row_as_full_screen_section=&#8221;no&#8221; type=&#8221;full_width&#8221; angled_section=&#8221;no&#8221; text_align=&#8221;left&#8221; background_image_as_pattern=&#8221;without_pattern&#8221;][vc_column width=&#8221;1\/4&#8243;][vc_column_text]<\/p>\n<p style=\"text-align: center;\"><strong>INIZIATIVE E NEWS<\/strong><\/p>\n<p>[\/vc_column_text][\/vc_column][vc_column width=&#8221;1\/2&#8243;][portfolio_list type=&#8221;standard&#8221; hover_type_standard=&#8221;default&#8221; box_border=&#8221;no&#8221; columns=&#8221;3&#8243; image_size=&#8221;square&#8221; order_by=&#8221;date&#8221; order=&#8221;ASC&#8221; filter=&#8221;no&#8221; view_button=&#8221;yes&#8221; show_title=&#8221;yes&#8221; show_categories=&#8221;yes&#8221;][\/vc_column][vc_column width=&#8221;1\/4&#8243;][\/vc_column][\/vc_row][vc_row css_animation=&#8221;&#8221; row_type=&#8221;row&#8221; use_row_as_full_screen_section=&#8221;no&#8221; type=&#8221;full_width&#8221; angled_section=&#8221;no&#8221; text_align=&#8221;left&#8221; background_image_as_pattern=&#8221;without_pattern&#8221;][vc_column width=&#8221;1\/4&#8243;][\/vc_column][vc_column width=&#8221;3\/4&#8243;][\/vc_column][\/vc_row]<\/p>\n","protected":false},"excerpt":{"rendered":"<p>[vc_row css_animation=&#8221;&#8221; row_type=&#8221;row&#8221; use_row_as_full_screen_section=&#8221;no&#8221; type=&#8221;full_width&#8221; angled_section=&#8221;no&#8221; text_align=&#8221;left&#8221; background_image_as_pattern=&#8221;without_pattern&#8221;][vc_column][vc_separator type=&#8221;normal&#8221; color=&#8221;#ffffff&#8221; thickness=&#8221;30&#8243;][\/vc_column][\/vc_row][vc_row css_animation=&#8221;&#8221; row_type=&#8221;row&#8221; use_row_as_full_screen_section=&#8221;no&#8221; type=&#8221;grid&#8221; header_style=&#8221;dark&#8221; angled_section=&#8221;no&#8221; text_align=&#8221;left&#8221; background_image_as_pattern=&#8221;without_pattern&#8221; z_index=&#8221;&#8221;][vc_column width=&#8221;1\/4&#8243;][vc_single_image image=&#8221;104&#8243; img_size=&#8221;medium&#8221; alignment=&#8221;center&#8221; qode_css_animation=&#8221;&#8221;][\/vc_column][vc_column width=&#8221;1\/2&#8243;][vc_column_text css=&#8221;.vc_custom_1599210657689{background-color: #ffffff !important;}&#8221;] L&#8217;ABITARE INFORMALE NEI PATRIMONI RESIDENZIALI PRIVATI LOMBARDI &nbsp; L\u2019abitare informale \u00e8 un fenomeno frequente non solo&#8230;<\/p>\n","protected":false},"author":2,"featured_media":0,"parent":0,"menu_order":0,"comment_status":"closed","ping_status":"closed","template":"","meta":{"footnotes":""},"class_list":["post-14","page","type-page","status-publish","hentry"],"_links":{"self":[{"href":"https:\/\/www.infohouse.polimi.it\/index.php?rest_route=\/wp\/v2\/pages\/14","targetHints":{"allow":["GET"]}}],"collection":[{"href":"https:\/\/www.infohouse.polimi.it\/index.php?rest_route=\/wp\/v2\/pages"}],"about":[{"href":"https:\/\/www.infohouse.polimi.it\/index.php?rest_route=\/wp\/v2\/types\/page"}],"author":[{"embeddable":true,"href":"https:\/\/www.infohouse.polimi.it\/index.php?rest_route=\/wp\/v2\/users\/2"}],"replies":[{"embeddable":true,"href":"https:\/\/www.infohouse.polimi.it\/index.php?rest_route=%2Fwp%2Fv2%2Fcomments&post=14"}],"version-history":[{"count":73,"href":"https:\/\/www.infohouse.polimi.it\/index.php?rest_route=\/wp\/v2\/pages\/14\/revisions"}],"predecessor-version":[{"id":267,"href":"https:\/\/www.infohouse.polimi.it\/index.php?rest_route=\/wp\/v2\/pages\/14\/revisions\/267"}],"wp:attachment":[{"href":"https:\/\/www.infohouse.polimi.it\/index.php?rest_route=%2Fwp%2Fv2%2Fmedia&parent=14"}],"curies":[{"name":"wp","href":"https:\/\/api.w.org\/{rel}","templated":true}]}}