{"id":62,"date":"2020-08-31T10:49:18","date_gmt":"2020-08-31T09:49:18","guid":{"rendered":"http:\/\/www.infohouse.polimi.it\/?page_id=62"},"modified":"2020-09-08T08:52:52","modified_gmt":"2020-09-08T07:52:52","slug":"gruppo-di-ricerca","status":"publish","type":"page","link":"https:\/\/www.infohouse.polimi.it\/?page_id=62","title":{"rendered":"GRUPPO DI RICERCA"},"content":{"rendered":"<p>[vc_row css_animation=&#8221;&#8221; row_type=&#8221;row&#8221; use_row_as_full_screen_section=&#8221;no&#8221; type=&#8221;full_width&#8221; angled_section=&#8221;no&#8221; text_align=&#8221;left&#8221; background_image_as_pattern=&#8221;without_pattern&#8221;][vc_column][vc_column_text]<div class=\"tmm tmm_gruppo-di-ricerca\"><div class=\"tmm_3_columns tmm_wrap tmm_theme_f\"><span class=\"tmm_two_containers_tablet\"><\/span><div class=\"tmm_container\"><div class=\"tmm_member\" style=\"border-top:#306cb5 solid 5px;\"><div class=\"tmm_photo tmm_pic_gruppo-di-ricerca_0\" style=\"background: url(http:\/\/www.infohouse.polimi.it\/wp-content\/uploads\/2020\/09\/ADG.jpg); margin-left: auto; margin-right:auto; background-size:cover !important;\"><\/div><div class=\"tmm_textblock\"><div class=\"tmm_names\"><span class=\"tmm_fname\">Andrea<\/span> <span class=\"tmm_lname\">Di Giovanni<\/span><\/div><div class=\"tmm_job\">ARCHITETTO (coordinatore)<\/div><div class=\"tmm_desc\" style=\"text-align:\"><p>Andrea Di Giovanni, laureato in Architettura, PhD in Pianificazione Territoriale e Ambientale, \u00e8 professore associato di Urbanistica presso il Dipartimento di Architettura e Studi Urbani del Politecnico di Milano. Ha coordinato numerose ricerche e svolto concorsi di progettazione urbanistica e condotto esperienze di progettazione partecipata. Ha partecipato alla redazione del PRG del Comune di Jesi (2003-2006); del Regolamento Urbanistico Edilizio del Comune di Bologna (2007); del Documento Strategico per il Piano Territoriale Regionale della Regione Emilia Romagna (2008-2009). L\u2019attivit\u00e0 di ricerca pi\u00f9 recente si concentra sulle tecniche e sugli approcci alla progettazione urbanistica nell\u2019ambito di processi di rigenerazione urbana nei contesti insediativi multiculturali caratterizzati da forme dell\u2019abitare proprie dei soggetti pi\u00f9 svantaggiati.<\/p><\/div><div class=\"tmm_scblock\"><a class=\"tmm_sociallink\" href=\"mailto:an&#100;&#114;&#101;&#097;.&#100;ig&#105;o&#118;&#097;nn&#105;&#064;polimi.i&#116;\" title=\"\"><img decoding=\"async\" alt=\"\" src=\"https:\/\/www.infohouse.polimi.it\/wp-content\/plugins\/team-members\/inc\/img\/links\/email.png\"\/><\/a><\/div><\/div><\/div><div class=\"tmm_member\" style=\"border-top:#306cb5 solid 5px;\"><div class=\"tmm_photo tmm_pic_gruppo-di-ricerca_1\" style=\"background: url(http:\/\/www.infohouse.polimi.it\/wp-content\/uploads\/2020\/09\/foto-profilo-cognetti-copia-scaled.jpg); margin-left: auto; margin-right:auto; background-size:cover !important;\"><\/div><div class=\"tmm_textblock\"><div class=\"tmm_names\"><span class=\"tmm_fname\">Francesca <\/span> <span class=\"tmm_lname\">Cognetti<\/span><\/div><div class=\"tmm_job\">URBANISTA<\/div><div class=\"tmm_desc\" style=\"text-align:\"><p>Francesca Cognetti, \u00e8 Professore Associato in Tecnica e Pianificazione Urbanistica presso Dipartimento di Architettura e Studi Urbani del Politecnico di Milano. \u00c8 delegata del Rettore del Politecnico di Milano alla responsabilit\u00e0 sociale per il territorio (da maggio 2015) e membro del comitato direttivo di Polisocial, il programma di impegno e responsabilit\u00e0 sociale del Politecnico. Conduce attivit\u00e0 di ricerca e di consulenza sui temi dell\u2019abitare, dello sviluppo e della rigenerazione dei quartieri, sull\u2019universit\u00e0 come attore nelle politiche urbane, sulle diverse forme di partecipazione sociale. Ha approfondito i suoi percorsi di ricerca anche attraverso esperienze di ricerca azione, con una attenzione particolare agli strumenti di progettazione partecipata in contesti marginali e alle pratiche informali di produzione della citt\u00e0.<\/p><\/div><div class=\"tmm_scblock\"><a class=\"tmm_sociallink\" href=\"mailto:f&#114;&#097;&#110;ces&#099;a.&#099;o&#103;&#110;et&#116;i&#064;&#112;ol&#105;m&#105;.&#105;t\" title=\"\"><img decoding=\"async\" alt=\"\" src=\"https:\/\/www.infohouse.polimi.it\/wp-content\/plugins\/team-members\/inc\/img\/links\/email.png\"\/><\/a><\/div><\/div><\/div><span class=\"tmm_two_containers_tablet\"><\/span><div class=\"tmm_member\" style=\"border-top:#306cb5 solid 5px;\"><div class=\"tmm_photo tmm_pic_gruppo-di-ricerca_2\" style=\"background: url(http:\/\/www.infohouse.polimi.it\/wp-content\/uploads\/2020\/09\/WhatsApp-Image-2020-09-08-at-15.09.01.jpeg); margin-left: auto; margin-right:auto; background-size:cover !important;\"><\/div><div class=\"tmm_textblock\"><div class=\"tmm_names\"><span class=\"tmm_fname\">Giuliana<\/span> <span class=\"tmm_lname\">Costa<\/span><\/div><div class=\"tmm_job\">SOCIOLOGA<\/div><div class=\"tmm_desc\" style=\"text-align:\"><p>Giuliana Costa \u00e8 Professore Associato in Sociologia Generale al Politecnico di Milano dove insegna \"Analisi Sociale e Urbana\u201d&nbsp; e materie affini alla sociologia urbana. Fa parte del Laboratorio di Politiche Sociali del Dipartimento di Architettura e Studi Urbani e si occupa di politiche di welfare, sia a livello locale che sovra-locale. Negli ultimi anni ha condotto attivit\u00e0 di ricerca plurime sul tema dell\u2019abitare e della sua connessione con le politiche sociali.&nbsp;<\/p><\/div><div class=\"tmm_scblock\"><a class=\"tmm_sociallink\" href=\"mailto:giu&#108;i&#097;&#110;a&#046;&#099;&#111;&#115;&#116;a&#064;&#112;&#111;&#108;&#105;&#109;i.i&#116;\" title=\"\"><img decoding=\"async\" alt=\"\" src=\"https:\/\/www.infohouse.polimi.it\/wp-content\/plugins\/team-members\/inc\/img\/links\/email.png\"\/><\/a><\/div><\/div><\/div><\/div><span class=\"tmm_columns_containers_desktop\"><\/span><div class=\"tmm_container\"><div class=\"tmm_member\" style=\"border-top:#306cb5 solid 5px;\"><div class=\"tmm_photo tmm_pic_gruppo-di-ricerca_3\" style=\"background: url(http:\/\/www.infohouse.polimi.it\/wp-content\/uploads\/2020\/09\/CMBN2-1-scaled.jpg); margin-left: auto; margin-right:auto; background-size:cover !important;\"><\/div><div class=\"tmm_textblock\"><div class=\"tmm_names\"><span class=\"tmm_fname\">Camillo<\/span> <span class=\"tmm_lname\">Magni<\/span><\/div><div class=\"tmm_job\">ARCHITETTO<\/div><div class=\"tmm_desc\" style=\"text-align:\"><p>Si laurea nel 2000 in Architettura a Milano dopo aver studiato tre anni presso la ETSA di Madrid. Nel 2005 ottiene il titolo di Dottore di Ricerca e dal 2004 partecipa al programma iberoamericano CYTED. Dal 2016 \u00e8<br>Ricercatore al Politecnico di Milano in Progettazione Architettonica ed Urbana. Autore di saggi e monografie, \u00e8 redattore di Casabella. Dal 2007 \u00e8 presidente di Architetti Senza Frontiere Italia con la quale opera nell\u2019ambito della cooperazione internazionale in distinti Paesi Extraeuropei. Nel 2015 viene insignito con la menzione d\u2019onore alla Medaglia d\u2019oro dell\u2019Architettura italiana. Nel 2007 \u00e8 cofondatore di OPERASTUDIO con il quale ottiene riconoscimenti nazionali ed internazionali e viene esposto alla Triennale di Lisbona, di Milano e alla Biennale di Venezia.<\/p><\/div><div class=\"tmm_scblock\"><a class=\"tmm_sociallink\" href=\"mailto:&#099;a&#109;il&#108;o&#046;mag&#110;&#105;&#064;p&#111;l&#105;&#109;&#105;.i&#116;\" title=\"\"><img decoding=\"async\" alt=\"\" src=\"https:\/\/www.infohouse.polimi.it\/wp-content\/plugins\/team-members\/inc\/img\/links\/email.png\"\/><\/a><\/div><\/div><\/div><span class=\"tmm_two_containers_tablet\"><\/span><div class=\"tmm_member\" style=\"border-top:#306cb5 solid 5px;\"><div class=\"tmm_photo tmm_pic_gruppo-di-ricerca_4\" style=\"background: url(http:\/\/www.infohouse.polimi.it\/wp-content\/uploads\/2020\/09\/Agophoto.jpg); margin-left: auto; margin-right:auto; background-size:cover !important;\"><\/div><div class=\"tmm_textblock\"><div class=\"tmm_names\"><span class=\"tmm_fname\">Agostino<\/span> <span class=\"tmm_lname\">Petrillo<\/span><\/div><div class=\"tmm_job\">SOCIOLOGO<\/div><div class=\"tmm_desc\" style=\"text-align:\"><p>Agostino Petrillo \u00e8 Professore Associato di Sociologia dell'ambiente e del territorio al Politecnico di<br>Milano. Ha diretto master e corsi di perfezionamento. E' direttore della collana di studi urbani \u201cEliopoli\u201d<br>per le Edizioni Tecnico Scientifiche di Pisa. E' membro di numerosi comitati scientifici e di redazione<br>delle riviste del settore. E' presidente del comitato scientifico della AFET-Aquilone ONLUS attiva in<br>Liguria. Si interessa di migrazioni, citt\u00e0, povert\u00e0 e periferie. Tra i suoi lavori degli ultimi anni, La<br>periferia nuova. Disuguaglianze, spazio, citt\u00e0, Angeli, Milano 2018.<\/p><\/div><div class=\"tmm_scblock\"><a class=\"tmm_sociallink\" href=\"mailto:&#097;go&#115;&#116;&#105;&#110;&#111;&#046;&#112;et&#114;&#105;l&#108;o&#064;&#112;&#111;&#108;&#105;mi.i&#116;\" title=\"\"><img decoding=\"async\" alt=\"\" src=\"https:\/\/www.infohouse.polimi.it\/wp-content\/plugins\/team-members\/inc\/img\/links\/email.png\"\/><\/a><\/div><\/div><\/div><div class=\"tmm_member\" style=\"border-top:#306cb5 solid 5px;\"><div class=\"tmm_photo tmm_pic_gruppo-di-ricerca_5\" style=\"background: url(http:\/\/www.infohouse.polimi.it\/wp-content\/uploads\/2020\/10\/PHOTO-2020-09-24-18-52-43.jpeg); margin-left: auto; margin-right:auto; background-size:cover !important;\"><\/div><div class=\"tmm_textblock\"><div class=\"tmm_names\"><span class=\"tmm_fname\">Roberto<\/span> <span class=\"tmm_lname\">Rizzi<\/span><\/div><div class=\"tmm_job\">ARCHITETTO<\/div><div class=\"tmm_desc\" style=\"text-align:\"><p>Architetto, dottore di ricerca in Architettura degli interni e allestimento \u00e8 professore associato della stessa disciplina presso il Dipartimento di Architettura e Studi urbani del Politecnico di Milano.<\/p><p>La sua attivit\u00e0 didattica e di ricerca si concentra sul rapporto tra lo spazio interno, circoscritto e abitabile, e le sue attrezzature fisse e mobili, verificato nel recupero di edifici dismessi nella citt\u00e0 consolidata e nella rigenerazione dei quartieri di edilizia sociale.<\/p><\/div><div class=\"tmm_scblock\"><a class=\"tmm_sociallink\" href=\"mailto:r&#111;&#098;&#101;&#114;to.r&#105;z&#122;&#105;&#064;&#112;&#111;lim&#105;&#046;&#105;&#116;\" title=\"\"><img decoding=\"async\" alt=\"\" src=\"https:\/\/www.infohouse.polimi.it\/wp-content\/plugins\/team-members\/inc\/img\/links\/email.png\"\/><\/a><\/div><\/div><\/div><span class=\"tmm_two_containers_tablet\"><\/span><\/div><span class=\"tmm_columns_containers_desktop\"><\/span><div class=\"tmm_container\"><div class=\"tmm_member\" style=\"border-top:#306cb5 solid 5px;\"><div class=\"tmm_photo tmm_pic_gruppo-di-ricerca_6\" style=\"background: url(http:\/\/www.infohouse.polimi.it\/wp-content\/uploads\/2020\/09\/BB_Immagine.jpg); margin-left: auto; margin-right:auto; background-size:cover !important;\"><\/div><div class=\"tmm_textblock\"><div class=\"tmm_names\"><span class=\"tmm_fname\">Beatrice<\/span> <span class=\"tmm_lname\">Barone<\/span><\/div><div class=\"tmm_job\">ARCHITETTO<\/div><div class=\"tmm_desc\" style=\"text-align:\"><p>Beatrice Barone ha conseguito la laurea in Architettura nel 2019 presso il Politecnico di Milano. Successivamente ha svolto attivit\u00e0 di supporto alla ricerca presso il Dipartimento di Morfologie e Dinamiche del Territorio della Facolt\u00e0 di Architettura di Porto, occupandosi di diritto all\u2019abitazione in contesti di rigenerazione urbana. Nello stesso ambito, ha collaborato con il Programa Habitar Porto, ricercando la semplificazione dei processi di accesso ad un\u2019abitazione congrua.<\/p><\/div><div class=\"tmm_scblock\"><a class=\"tmm_sociallink\" href=\"mailto:&#098;ea&#116;&#114;&#105;&#099;&#101;b&#057;&#052;&#064;&#103;mai&#108;.co&#109;\" title=\"\"><img decoding=\"async\" alt=\"\" src=\"https:\/\/www.infohouse.polimi.it\/wp-content\/plugins\/team-members\/inc\/img\/links\/email.png\"\/><\/a><\/div><\/div><\/div><div class=\"tmm_member\" style=\"border-top:#306cb5 solid 5px;\"><div class=\"tmm_photo tmm_pic_gruppo-di-ricerca_7\" style=\"background: url(http:\/\/www.infohouse.polimi.it\/wp-content\/uploads\/2020\/10\/Patrizio-immagine-sito.jpg); margin-left: auto; margin-right:auto; background-size:cover !important;\"><\/div><div class=\"tmm_textblock\"><div class=\"tmm_names\"><span class=\"tmm_fname\">Patrizio<\/span> <span class=\"tmm_lname\">Lodetti<\/span><\/div><div class=\"tmm_job\">SOCIOLOGO<\/div><div class=\"tmm_desc\" style=\"text-align:\"><p>Patrizio Lodetti \u00e8 dottore di ricerca in Sociologia e Metodologia della Ricerca Sociale, titolo ottenuto nell\u2019ambito del programma interdipartimentale NASP. \u00c8 stato assegnista di ricerca presso l\u2019Universit\u00e0 degli studi di Milano, dove ha svolto uno studio riguardo l\u2019espansione delle organizzazioni mafiose nel nord Italia. Negli ultimi due anni ha avuto delle collaborazioni con il Politecnico di Milano, dove ha svolto attivit\u00e0 di tutorato e insegnamento per corsi affini alla sociologia urbana. Nelle attivit\u00e0 di ricerca pi\u00f9 recenti ha curato la parte metodologica delle analisi, utilizzando tecniche econometriche e metodi digitali.<\/p><\/div><div class=\"tmm_scblock\"><a class=\"tmm_sociallink\" href=\"mailto:patr&#105;zio.l&#111;d&#101;t&#116;i&#064;g&#109;&#097;&#105;&#108;&#046;co&#109;\" title=\"\"><img decoding=\"async\" alt=\"\" src=\"https:\/\/www.infohouse.polimi.it\/wp-content\/plugins\/team-members\/inc\/img\/links\/email.png\"\/><\/a><\/div><\/div><\/div><span class=\"tmm_two_containers_tablet\"><\/span><div class=\"tmm_member\" style=\"border-top:#306cb5 solid 5px;\"><div class=\"tmm_photo tmm_pic_gruppo-di-ricerca_8\" style=\"background: url(http:\/\/www.infohouse.polimi.it\/wp-content\/uploads\/2020\/09\/v_10-copia.jpg); margin-left: auto; margin-right:auto; background-size:cover !important;\"><\/div><div class=\"tmm_textblock\"><div class=\"tmm_names\"><span class=\"tmm_fname\">Vittoria<\/span> <span class=\"tmm_lname\">Paglino<\/span><\/div><div class=\"tmm_job\">ANTROPOLOGA <\/div><div class=\"tmm_desc\" style=\"text-align:\"><p>Laureata in Economia e Management per Arte, Cultura e Comunicazione presso l\u2019Universit\u00e0 Bocconi, si \u00e8 specializzata in Antropologia Visiva presso la Goldsmiths University di Londra. Videomaker e documentarista, il suo lavoro combina la ricerca etnografica con la produzione visiva. Ha partecipato a diversi film festival internazionali con il suo cortometraggio documentario&nbsp;<i>Choir<\/i>&nbsp;(2017) e negli anni si \u00e8 occupata di analizzare e raccontare fenomeni migratori, forme di associazionismo e disparit\u00e0 di genere.<\/p><\/div><div class=\"tmm_scblock\"><a class=\"tmm_sociallink\" href=\"mailto:&#118;it&#116;&#111;&#114;&#105;ap&#097;g&#108;in&#111;&#064;gma&#105;l&#046;&#099;o&#109;\" title=\"\"><img decoding=\"async\" alt=\"\" src=\"https:\/\/www.infohouse.polimi.it\/wp-content\/plugins\/team-members\/inc\/img\/links\/email.png\"\/><\/a><\/div><\/div><\/div><\/div><span class=\"tmm_columns_containers_desktop\"><\/span><div class=\"tmm_container\"><div class=\"tmm_member\" style=\"border-top:#306cb5 solid 5px;\"><div class=\"tmm_photo tmm_pic_gruppo-di-ricerca_9\" style=\"background: url(http:\/\/www.infohouse.polimi.it\/wp-content\/uploads\/2020\/09\/228448_2045188050131_1817811_n-copy.jpg); margin-left: auto; margin-right:auto; background-size:cover !important;\"><\/div><div class=\"tmm_textblock\"><div class=\"tmm_names\"><span class=\"tmm_fname\">Alice<\/span> <span class=\"tmm_lname\">Ranzini<\/span><\/div><div class=\"tmm_job\">URBANISTA<\/div><div class=\"tmm_desc\" style=\"text-align:\"><p>Alice Ranzini, urbanista, PhD in Pianificazione Territoriale e Politiche Pubbliche per il Territorio. Si interessa di abitare con particolare attenzione al tema delle marginalit\u00e0 e di sviluppo di comunit\u00e0, con un\u2019attenzione particolare al ruolo delle reti territoriali e all\u2019attivazione delle competenze locali nei processi di trasformazione del territorio. Ha collaborato al programma di responsabilit\u00e0 sociale Polisocial del Politecnico di Milano, occupandosi di action learning e action research, e alla ricerca For Rent sul tema dell'affitto accessibile nella citt\u00e0 di Milano.<\/p><p>&nbsp;<\/p><p>&nbsp;<\/p><\/div><div class=\"tmm_scblock\"><a class=\"tmm_sociallink\" href=\"mailto:ali&#099;e&#046;&#114;a&#110;z&#105;&#110;i&#064;&#103;&#109;ai&#108;&#046;co&#109;\" title=\"\"><img decoding=\"async\" alt=\"\" src=\"https:\/\/www.infohouse.polimi.it\/wp-content\/plugins\/team-members\/inc\/img\/links\/email.png\"\/><\/a><\/div><\/div><\/div><div style=\"clear:both;\"><\/div><\/div><\/div><\/div>[\/vc_column_text][\/vc_column][\/vc_row]<\/p>\n","protected":false},"excerpt":{"rendered":"<p>[vc_row css_animation=&#8221;&#8221; row_type=&#8221;row&#8221; use_row_as_full_screen_section=&#8221;no&#8221; type=&#8221;full_width&#8221; angled_section=&#8221;no&#8221; text_align=&#8221;left&#8221; background_image_as_pattern=&#8221;without_pattern&#8221;][vc_column][vc_column_text][\/vc_column_text][\/vc_column][\/vc_row]<\/p>\n","protected":false},"author":2,"featured_media":0,"parent":0,"menu_order":0,"comment_status":"closed","ping_status":"closed","template":"","meta":{"footnotes":""},"class_list":["post-62","page","type-page","status-publish","hentry"],"_links":{"self":[{"href":"https:\/\/www.infohouse.polimi.it\/index.php?rest_route=\/wp\/v2\/pages\/62","targetHints":{"allow":["GET"]}}],"collection":[{"href":"https:\/\/www.infohouse.polimi.it\/index.php?rest_route=\/wp\/v2\/pages"}],"about":[{"href":"https:\/\/www.infohouse.polimi.it\/index.php?rest_route=\/wp\/v2\/types\/page"}],"author":[{"embeddable":true,"href":"https:\/\/www.infohouse.polimi.it\/index.php?rest_route=\/wp\/v2\/users\/2"}],"replies":[{"embeddable":true,"href":"https:\/\/www.infohouse.polimi.it\/index.php?rest_route=%2Fwp%2Fv2%2Fcomments&post=62"}],"version-history":[{"count":33,"href":"https:\/\/www.infohouse.polimi.it\/index.php?rest_route=\/wp\/v2\/pages\/62\/revisions"}],"predecessor-version":[{"id":213,"href":"https:\/\/www.infohouse.polimi.it\/index.php?rest_route=\/wp\/v2\/pages\/62\/revisions\/213"}],"wp:attachment":[{"href":"https:\/\/www.infohouse.polimi.it\/index.php?rest_route=%2Fwp%2Fv2%2Fmedia&parent=62"}],"curies":[{"name":"wp","href":"https:\/\/api.w.org\/{rel}","templated":true}]}}